{"id":112,"date":"2024-12-12T02:56:44","date_gmt":"2024-12-12T01:56:44","guid":{"rendered":"http:\/\/ttqpqmw.cluster027.hosting.ovh.net\/?page_id=112"},"modified":"2025-11-11T13:39:32","modified_gmt":"2025-11-11T12:39:32","slug":"contact","status":"publish","type":"page","link":"https:\/\/corpsdeveil.fr\/index.php\/contact\/","title":{"rendered":"Contact"},"content":{"rendered":"\t\t<div data-elementor-type=\"wp-page\" data-elementor-id=\"112\" class=\"elementor elementor-112\">\n\t\t\t\t<div class=\"elementor-element elementor-element-896db3e e-flex e-con-boxed e-con e-parent\" data-id=\"896db3e\" data-element_type=\"container\" data-settings=\"{&quot;background_background&quot;:&quot;classic&quot;}\">\n\t\t\t\t\t<div class=\"e-con-inner\">\n\t\t\t\t<div class=\"elementor-element elementor-element-119e3dd elementor-widget elementor-widget-heading\" data-id=\"119e3dd\" data-element_type=\"widget\" data-widget_type=\"heading.default\">\n\t\t\t\t<div class=\"elementor-widget-container\">\n\t\t\t<h2 class=\"elementor-heading-title elementor-size-default\">Vous souhaitez r\u00e9server un soin ?<\/h2>\t\t<\/div>\n\t\t\t\t<\/div>\n\t\t\t\t<div class=\"elementor-element elementor-element-20d88f0 elementor-widget elementor-widget-heading\" data-id=\"20d88f0\" data-element_type=\"widget\" data-widget_type=\"heading.default\">\n\t\t\t\t<div class=\"elementor-widget-container\">\n\t\t\t<h2 class=\"elementor-heading-title elementor-size-default\">Vous \u00eates au bon endroit, il vous suffit de cliquer sur <b>\"r\u00e9server<\/b> <b>un<\/b> <b>cr\u00e9neau\"<\/b> ci dessous.<br>Au plaisir de vous rencontrer et vous accompagner durant cette douce parenth\u00e8se de bien-\u00eatre pour vous et\/ou votre b\u00e9b\u00e9.<\/h2>\t\t<\/div>\n\t\t\t\t<\/div>\n\t\t\t\t<div class=\"elementor-element elementor-element-80c9f80 elementor-widget elementor-widget-heading\" data-id=\"80c9f80\" data-element_type=\"widget\" data-widget_type=\"heading.default\">\n\t\t\t\t<div class=\"elementor-widget-container\">\n\t\t\t<h2 class=\"elementor-heading-title elementor-size-default\"><a href=\"https:\/\/calendly.com\/corpsdeveil26\/60min\">R\u00e9server un cr\u00e9neau<\/a><\/h2>\t\t<\/div>\n\t\t\t\t<\/div>\n\t\t\t\t<div class=\"elementor-element elementor-element-9ce6d89 elementor-widget elementor-widget-image\" data-id=\"9ce6d89\" data-element_type=\"widget\" data-widget_type=\"image.default\">\n\t\t\t\t<div class=\"elementor-widget-container\">\n\t\t\t\t\t\t\t\t\t\t\t\t\t<img decoding=\"async\" src=\"https:\/\/corpsdeveil.fr\/wp-content\/uploads\/elementor\/thumbs\/L1860155-r4hxj8kk7pwry4swjoqezyhvz09glyzyydl4ajxfgo.jpg\" title=\"bain envelopp\u00e9\" alt=\"bain envelopp\u00e9\" loading=\"lazy\" \/>\t\t\t\t\t\t\t\t\t\t\t\t\t<\/div>\n\t\t\t\t<\/div>\n\t\t\t\t\t<\/div>\n\t\t\t\t<\/div>\n\t\t<div class=\"elementor-element elementor-element-676672c e-flex e-con-boxed e-con e-parent\" data-id=\"676672c\" data-element_type=\"container\" data-settings=\"{&quot;background_background&quot;:&quot;classic&quot;}\">\n\t\t\t\t\t<div class=\"e-con-inner\">\n\t\t\t\t<div class=\"elementor-element elementor-element-b995292 animated-slow elementor-invisible elementor-widget elementor-widget-heading\" data-id=\"b995292\" data-element_type=\"widget\" data-settings=\"{&quot;_animation&quot;:&quot;fadeIn&quot;}\" data-widget_type=\"heading.default\">\n\t\t\t\t<div class=\"elementor-widget-container\">\n\t\t\t<h2 class=\"elementor-heading-title elementor-size-default\">Contact :<\/h2>\t\t<\/div>\n\t\t\t\t<\/div>\n\t\t\t\t\t<\/div>\n\t\t\t\t<\/div>\n\t\t<div class=\"elementor-element elementor-element-d3b4417 e-grid e-con-boxed e-con e-parent\" data-id=\"d3b4417\" data-element_type=\"container\" data-settings=\"{&quot;background_background&quot;:&quot;classic&quot;}\">\n\t\t\t\t\t<div class=\"e-con-inner\">\n\t\t\t\t<div class=\"elementor-element elementor-element-16b79a8 animated-slow elementor-invisible elementor-widget elementor-widget-heading\" data-id=\"16b79a8\" data-element_type=\"widget\" data-settings=\"{&quot;_animation&quot;:&quot;fadeInLeft&quot;}\" data-widget_type=\"heading.default\">\n\t\t\t\t<div class=\"elementor-widget-container\">\n\t\t\t<h2 class=\"elementor-heading-title elementor-size-default\"><br><br><br><br><br><br><br><br><br>06.61.38.15.43<br><br><br>corpsdeveil26@gmail.com<\/h2>\t\t<\/div>\n\t\t\t\t<\/div>\n\t\t\t\t<div class=\"elementor-element elementor-element-7be5723 animated-slow elementor-invisible elementor-widget elementor-widget-wpforms\" data-id=\"7be5723\" data-element_type=\"widget\" data-settings=\"{&quot;_animation&quot;:&quot;fadeInRight&quot;}\" data-widget_type=\"wpforms.default\">\n\t\t\t\t<div class=\"elementor-widget-container\">\n\t\t\t<style id=\"wpforms-css-vars-root\">\n\t\t\t\t:root {\n\t\t\t\t\t--wpforms-field-border-radius: 3px;\n--wpforms-field-border-style: solid;\n--wpforms-field-border-size: 1px;\n--wpforms-field-background-color: #ffffff;\n--wpforms-field-border-color: rgba( 0, 0, 0, 0.25 );\n--wpforms-field-border-color-spare: rgba( 0, 0, 0, 0.25 );\n--wpforms-field-text-color: rgba( 0, 0, 0, 0.7 );\n--wpforms-field-menu-color: #ffffff;\n--wpforms-label-color: rgba( 0, 0, 0, 0.85 );\n--wpforms-label-sublabel-color: rgba( 0, 0, 0, 0.55 );\n--wpforms-label-error-color: #d63637;\n--wpforms-button-border-radius: 3px;\n--wpforms-button-border-style: none;\n--wpforms-button-border-size: 1px;\n--wpforms-button-background-color: #066aab;\n--wpforms-button-border-color: #066aab;\n--wpforms-button-text-color: #ffffff;\n--wpforms-page-break-color: #066aab;\n--wpforms-background-image: none;\n--wpforms-background-position: center center;\n--wpforms-background-repeat: no-repeat;\n--wpforms-background-size: cover;\n--wpforms-background-width: 100px;\n--wpforms-background-height: 100px;\n--wpforms-background-color: rgba( 0, 0, 0, 0 );\n--wpforms-background-url: none;\n--wpforms-container-padding: 0px;\n--wpforms-container-border-style: none;\n--wpforms-container-border-width: 1px;\n--wpforms-container-border-color: #000000;\n--wpforms-container-border-radius: 3px;\n--wpforms-field-size-input-height: 43px;\n--wpforms-field-size-input-spacing: 15px;\n--wpforms-field-size-font-size: 16px;\n--wpforms-field-size-line-height: 19px;\n--wpforms-field-size-padding-h: 14px;\n--wpforms-field-size-checkbox-size: 16px;\n--wpforms-field-size-sublabel-spacing: 5px;\n--wpforms-field-size-icon-size: 1;\n--wpforms-label-size-font-size: 16px;\n--wpforms-label-size-line-height: 19px;\n--wpforms-label-size-sublabel-font-size: 14px;\n--wpforms-label-size-sublabel-line-height: 17px;\n--wpforms-button-size-font-size: 17px;\n--wpforms-button-size-height: 41px;\n--wpforms-button-size-padding-h: 15px;\n--wpforms-button-size-margin-top: 10px;\n--wpforms-container-shadow-size-box-shadow: none;\n\n\t\t\t\t}\n\t\t\t<\/style><style id=\"wpforms-css-vars-elementor-widget-7be5723\">\n\t\t\t\t.elementor-widget-wpforms.elementor-element-7be5723 {\n\t\t\t\t\t--wpforms-button-background-color: #000000;\n--wpforms-field-size-input-height: 43px;\n--wpforms-field-size-input-spacing: 15px;\n--wpforms-field-size-font-size: 16px;\n--wpforms-field-size-line-height: 19px;\n--wpforms-field-size-padding-h: 14px;\n--wpforms-field-size-checkbox-size: 16px;\n--wpforms-field-size-sublabel-spacing: 5px;\n--wpforms-field-size-icon-size: 1;\n--wpforms-label-size-font-size: 16px;\n--wpforms-label-size-line-height: 19px;\n--wpforms-label-size-sublabel-font-size: 14px;\n--wpforms-label-size-sublabel-line-height: 17px;\n--wpforms-button-size-font-size: 17px;\n--wpforms-button-size-height: 41px;\n--wpforms-button-size-padding-h: 15px;\n--wpforms-button-size-margin-top: 10px;\n\n\t\t\t\t}\n\t\t\t<\/style><div class=\"wpforms-container wpforms-container-full wpforms-render-modern\" id=\"wpforms-305\"><form id=\"wpforms-form-305\" class=\"wpforms-validate wpforms-form wpforms-ajax-form\" data-formid=\"305\" method=\"post\" enctype=\"multipart\/form-data\" action=\"\/index.php\/wp-json\/wp\/v2\/pages\/112\" data-token=\"199206a49cf8f78bf43f7dfcc9cb9c39\" data-token-time=\"1776165244\"><noscript class=\"wpforms-error-noscript\">Veuillez activer JavaScript dans votre navigateur pour remplir ce formulaire.<\/noscript><div class=\"wpforms-hidden\" id=\"wpforms-error-noscript\">Veuillez activer JavaScript dans votre navigateur pour remplir ce formulaire.<\/div><div class=\"wpforms-field-container\"><div id=\"wpforms-305-field_1-container\" class=\"wpforms-field wpforms-field-name\" data-field-id=\"1\"><fieldset><legend class=\"wpforms-field-label\">Nom <span class=\"wpforms-required-label\" aria-hidden=\"true\">*<\/span><\/legend><div class=\"wpforms-field-row wpforms-field-medium\"><div class=\"wpforms-field-row-block wpforms-first wpforms-one-half\"><input type=\"text\" id=\"wpforms-305-field_1\" class=\"wpforms-field-name-first wpforms-field-required\" name=\"wpforms[fields][1][first]\" aria-errormessage=\"wpforms-305-field_1-error\" required><label for=\"wpforms-305-field_1\" class=\"wpforms-field-sublabel after\">Pr\u00e9nom<\/label><\/div><div class=\"wpforms-field-row-block wpforms-one-half\"><input type=\"text\" id=\"wpforms-305-field_1-last\" class=\"wpforms-field-name-last wpforms-field-required\" name=\"wpforms[fields][1][last]\" aria-errormessage=\"wpforms-305-field_1-last-error\" required><label for=\"wpforms-305-field_1-last\" class=\"wpforms-field-sublabel after\">Nom<\/label><\/div><\/div><\/fieldset><\/div><div id=\"wpforms-305-field_2-container\" class=\"wpforms-field wpforms-field-email\" data-field-id=\"2\"><label class=\"wpforms-field-label\" for=\"wpforms-305-field_2\">E-mail <span class=\"wpforms-required-label\" aria-hidden=\"true\">*<\/span><\/label><input type=\"email\" id=\"wpforms-305-field_2\" class=\"wpforms-field-medium wpforms-field-required\" name=\"wpforms[fields][2]\" spellcheck=\"false\" aria-errormessage=\"wpforms-305-field_2-error\" required><\/div><div id=\"wpforms-305-field_3-container\" class=\"wpforms-field wpforms-field-textarea\" data-field-id=\"3\"><label class=\"wpforms-field-label\" for=\"wpforms-305-field_3\">Commentaire ou message<\/label><textarea id=\"wpforms-305-field_3\" class=\"wpforms-field-medium\" name=\"wpforms[fields][3]\" aria-errormessage=\"wpforms-305-field_3-error\" ><\/textarea><\/div><\/div><!-- .wpforms-field-container --><div class=\"wpforms-submit-container\" ><input type=\"hidden\" name=\"wpforms[id]\" value=\"305\"><input type=\"hidden\" name=\"page_title\" value=\"\"><input type=\"hidden\" name=\"page_url\" value=\"https:\/\/corpsdeveil.fr\/index.php\/wp-json\/wp\/v2\/pages\/112\"><button type=\"submit\" name=\"wpforms[submit]\" id=\"wpforms-submit-305\" class=\"wpforms-submit\" data-alt-text=\"Envoi...\" data-submit-text=\"Envoyer\" aria-live=\"assertive\" value=\"wpforms-submit\">Envoyer<\/button><img decoding=\"async\" src=\"https:\/\/corpsdeveil.fr\/wp-content\/plugins\/wpforms-lite\/assets\/images\/submit-spin.svg\" class=\"wpforms-submit-spinner\" style=\"display: none;\" width=\"26\" height=\"26\" alt=\"Chargement en cours\"><\/div><\/form><\/div>  <!-- .wpforms-container -->\t\t<\/div>\n\t\t\t\t<\/div>\n\t\t\t\t\t<\/div>\n\t\t\t\t<\/div>\n\t\t<div class=\"elementor-element elementor-element-45b871b e-flex e-con-boxed e-con e-parent\" data-id=\"45b871b\" data-element_type=\"container\" data-settings=\"{&quot;background_background&quot;:&quot;classic&quot;}\">\n\t\t\t\t\t<div class=\"e-con-inner\">\n\t\t\t\t<div class=\"elementor-element elementor-element-e787d66 animated-slow elementor-invisible elementor-widget elementor-widget-heading\" data-id=\"e787d66\" data-element_type=\"widget\" data-settings=\"{&quot;_animation&quot;:&quot;fadeIn&quot;}\" data-widget_type=\"heading.default\">\n\t\t\t\t<div class=\"elementor-widget-container\">\n\t\t\t<h2 class=\"elementor-heading-title elementor-size-default\">Merci pour votre message,<br>je fais au mieux pour vous r\u00e9pondre dans les plus brefs d\u00e9lais.<\/h2>\t\t<\/div>\n\t\t\t\t<\/div>\n\t\t\t\t\t<\/div>\n\t\t\t\t<\/div>\n\t\t\t\t<\/div>\n\t\t","protected":false},"excerpt":{"rendered":"<p>Vous souhaitez r\u00e9server un soin ? Vous \u00eates au bon endroit, il vous suffit de cliquer sur \u00ab\u00a0r\u00e9server un cr\u00e9neau\u00a0\u00bb ci dessous.Au plaisir de vous rencontrer et vous accompagner durant cette douce parenth\u00e8se de bien-\u00eatre pour vous et\/ou votre b\u00e9b\u00e9. R\u00e9server un cr\u00e9neau Contact : 06.61.38.15.43 corpsdeveil26@gmail.com Veuillez activer JavaScript dans votre navigateur pour remplir [&hellip;]<\/p>\n","protected":false},"author":1,"featured_media":0,"parent":0,"menu_order":0,"comment_status":"closed","ping_status":"closed","template":"","meta":{"saved_in_kubio":false,"footnotes":""},"class_list":["post-112","page","type-page","status-publish","hentry","entry"],"kubio_ai_page_context":{"short_desc":"","purpose":"general"},"yoast_head":"<!-- This site is optimized with the Yoast SEO plugin v24.0 - https:\/\/yoast.com\/wordpress\/plugins\/seo\/ -->\n<title>Contact - WordPress<\/title>\n<meta name=\"robots\" content=\"index, follow, max-snippet:-1, max-image-preview:large, max-video-preview:-1\" \/>\n<link rel=\"canonical\" href=\"https:\/\/corpsdeveil.fr\/index.php\/contact\/\" \/>\n<meta property=\"og:locale\" content=\"fr_FR\" \/>\n<meta property=\"og:type\" content=\"article\" \/>\n<meta property=\"og:title\" content=\"Contact - WordPress\" \/>\n<meta property=\"og:description\" content=\"Vous souhaitez r\u00e9server un soin ? Vous \u00eates au bon endroit, il vous suffit de cliquer sur \u00ab\u00a0r\u00e9server un cr\u00e9neau\u00a0\u00bb ci dessous.Au plaisir de vous rencontrer et vous accompagner durant cette douce parenth\u00e8se de bien-\u00eatre pour vous et\/ou votre b\u00e9b\u00e9. R\u00e9server un cr\u00e9neau Contact : 06.61.38.15.43 corpsdeveil26@gmail.com Veuillez activer JavaScript dans votre navigateur pour remplir [&hellip;]\" \/>\n<meta property=\"og:url\" content=\"https:\/\/corpsdeveil.fr\/index.php\/contact\/\" \/>\n<meta property=\"og:site_name\" content=\"WordPress\" \/>\n<meta property=\"article:modified_time\" content=\"2025-11-11T12:39:32+00:00\" \/>\n<meta property=\"og:image\" content=\"https:\/\/corpsdeveil.fr\/wp-content\/uploads\/elementor\/thumbs\/L1860155-r4hxj8kk7pwry4swjoqezyhvz09glyzyydl42voars.jpg\" \/>\n<meta name=\"twitter:card\" content=\"summary_large_image\" \/>\n<meta name=\"twitter:label1\" content=\"Dur\u00e9e de lecture estim\u00e9e\" \/>\n\t<meta name=\"twitter:data1\" content=\"1 minute\" \/>\n<script type=\"application\/ld+json\" class=\"yoast-schema-graph\">{\"@context\":\"https:\/\/schema.org\",\"@graph\":[{\"@type\":\"WebPage\",\"@id\":\"https:\/\/corpsdeveil.fr\/index.php\/contact\/\",\"url\":\"https:\/\/corpsdeveil.fr\/index.php\/contact\/\",\"name\":\"Contact - WordPress\",\"isPartOf\":{\"@id\":\"https:\/\/corpsdeveil.fr\/#website\"},\"primaryImageOfPage\":{\"@id\":\"https:\/\/corpsdeveil.fr\/index.php\/contact\/#primaryimage\"},\"image\":{\"@id\":\"https:\/\/corpsdeveil.fr\/index.php\/contact\/#primaryimage\"},\"thumbnailUrl\":\"https:\/\/corpsdeveil.fr\/wp-content\/uploads\/elementor\/thumbs\/L1860155-r4hxj8kk7pwry4swjoqezyhvz09glyzyydl42voars.jpg\",\"datePublished\":\"2024-12-12T01:56:44+00:00\",\"dateModified\":\"2025-11-11T12:39:32+00:00\",\"breadcrumb\":{\"@id\":\"https:\/\/corpsdeveil.fr\/index.php\/contact\/#breadcrumb\"},\"inLanguage\":\"fr-FR\",\"potentialAction\":[{\"@type\":\"ReadAction\",\"target\":[\"https:\/\/corpsdeveil.fr\/index.php\/contact\/\"]}]},{\"@type\":\"ImageObject\",\"inLanguage\":\"fr-FR\",\"@id\":\"https:\/\/corpsdeveil.fr\/index.php\/contact\/#primaryimage\",\"url\":\"https:\/\/corpsdeveil.fr\/wp-content\/uploads\/elementor\/thumbs\/L1860155-r4hxj8kk7pwry4swjoqezyhvz09glyzyydl42voars.jpg\",\"contentUrl\":\"https:\/\/corpsdeveil.fr\/wp-content\/uploads\/elementor\/thumbs\/L1860155-r4hxj8kk7pwry4swjoqezyhvz09glyzyydl42voars.jpg\"},{\"@type\":\"BreadcrumbList\",\"@id\":\"https:\/\/corpsdeveil.fr\/index.php\/contact\/#breadcrumb\",\"itemListElement\":[{\"@type\":\"ListItem\",\"position\":1,\"name\":\"Accueil\",\"item\":\"https:\/\/corpsdeveil.fr\/\"},{\"@type\":\"ListItem\",\"position\":2,\"name\":\"Contact\"}]},{\"@type\":\"WebSite\",\"@id\":\"https:\/\/corpsdeveil.fr\/#website\",\"url\":\"https:\/\/corpsdeveil.fr\/\",\"name\":\"WordPress\",\"description\":\"Un site utilisant WordPress\",\"publisher\":{\"@id\":\"https:\/\/corpsdeveil.fr\/#organization\"},\"potentialAction\":[{\"@type\":\"SearchAction\",\"target\":{\"@type\":\"EntryPoint\",\"urlTemplate\":\"https:\/\/corpsdeveil.fr\/?s={search_term_string}\"},\"query-input\":{\"@type\":\"PropertyValueSpecification\",\"valueRequired\":true,\"valueName\":\"search_term_string\"}}],\"inLanguage\":\"fr-FR\"},{\"@type\":\"Organization\",\"@id\":\"https:\/\/corpsdeveil.fr\/#organization\",\"name\":\"WordPress\",\"url\":\"https:\/\/corpsdeveil.fr\/\",\"logo\":{\"@type\":\"ImageObject\",\"inLanguage\":\"fr-FR\",\"@id\":\"https:\/\/corpsdeveil.fr\/#\/schema\/logo\/image\/\",\"url\":\"https:\/\/corpsdeveil.fr\/wp-content\/uploads\/2025\/11\/cropped-Corps-deveil-12.png\",\"contentUrl\":\"https:\/\/corpsdeveil.fr\/wp-content\/uploads\/2025\/11\/cropped-Corps-deveil-12.png\",\"width\":500,\"height\":165,\"caption\":\"WordPress\"},\"image\":{\"@id\":\"https:\/\/corpsdeveil.fr\/#\/schema\/logo\/image\/\"}}]}<\/script>\n<!-- \/ Yoast SEO plugin. -->","yoast_head_json":{"title":"Contact - WordPress","robots":{"index":"index","follow":"follow","max-snippet":"max-snippet:-1","max-image-preview":"max-image-preview:large","max-video-preview":"max-video-preview:-1"},"canonical":"https:\/\/corpsdeveil.fr\/index.php\/contact\/","og_locale":"fr_FR","og_type":"article","og_title":"Contact - WordPress","og_description":"Vous souhaitez r\u00e9server un soin ? Vous \u00eates au bon endroit, il vous suffit de cliquer sur \u00ab\u00a0r\u00e9server un cr\u00e9neau\u00a0\u00bb ci dessous.Au plaisir de vous rencontrer et vous accompagner durant cette douce parenth\u00e8se de bien-\u00eatre pour vous et\/ou votre b\u00e9b\u00e9. R\u00e9server un cr\u00e9neau Contact : 06.61.38.15.43 corpsdeveil26@gmail.com Veuillez activer JavaScript dans votre navigateur pour remplir [&hellip;]","og_url":"https:\/\/corpsdeveil.fr\/index.php\/contact\/","og_site_name":"WordPress","article_modified_time":"2025-11-11T12:39:32+00:00","og_image":[{"url":"https:\/\/corpsdeveil.fr\/wp-content\/uploads\/elementor\/thumbs\/L1860155-r4hxj8kk7pwry4swjoqezyhvz09glyzyydl42voars.jpg","type":"","width":"","height":""}],"twitter_card":"summary_large_image","twitter_misc":{"Dur\u00e9e de lecture estim\u00e9e":"1 minute"},"schema":{"@context":"https:\/\/schema.org","@graph":[{"@type":"WebPage","@id":"https:\/\/corpsdeveil.fr\/index.php\/contact\/","url":"https:\/\/corpsdeveil.fr\/index.php\/contact\/","name":"Contact - WordPress","isPartOf":{"@id":"https:\/\/corpsdeveil.fr\/#website"},"primaryImageOfPage":{"@id":"https:\/\/corpsdeveil.fr\/index.php\/contact\/#primaryimage"},"image":{"@id":"https:\/\/corpsdeveil.fr\/index.php\/contact\/#primaryimage"},"thumbnailUrl":"https:\/\/corpsdeveil.fr\/wp-content\/uploads\/elementor\/thumbs\/L1860155-r4hxj8kk7pwry4swjoqezyhvz09glyzyydl42voars.jpg","datePublished":"2024-12-12T01:56:44+00:00","dateModified":"2025-11-11T12:39:32+00:00","breadcrumb":{"@id":"https:\/\/corpsdeveil.fr\/index.php\/contact\/#breadcrumb"},"inLanguage":"fr-FR","potentialAction":[{"@type":"ReadAction","target":["https:\/\/corpsdeveil.fr\/index.php\/contact\/"]}]},{"@type":"ImageObject","inLanguage":"fr-FR","@id":"https:\/\/corpsdeveil.fr\/index.php\/contact\/#primaryimage","url":"https:\/\/corpsdeveil.fr\/wp-content\/uploads\/elementor\/thumbs\/L1860155-r4hxj8kk7pwry4swjoqezyhvz09glyzyydl42voars.jpg","contentUrl":"https:\/\/corpsdeveil.fr\/wp-content\/uploads\/elementor\/thumbs\/L1860155-r4hxj8kk7pwry4swjoqezyhvz09glyzyydl42voars.jpg"},{"@type":"BreadcrumbList","@id":"https:\/\/corpsdeveil.fr\/index.php\/contact\/#breadcrumb","itemListElement":[{"@type":"ListItem","position":1,"name":"Accueil","item":"https:\/\/corpsdeveil.fr\/"},{"@type":"ListItem","position":2,"name":"Contact"}]},{"@type":"WebSite","@id":"https:\/\/corpsdeveil.fr\/#website","url":"https:\/\/corpsdeveil.fr\/","name":"WordPress","description":"Un site utilisant WordPress","publisher":{"@id":"https:\/\/corpsdeveil.fr\/#organization"},"potentialAction":[{"@type":"SearchAction","target":{"@type":"EntryPoint","urlTemplate":"https:\/\/corpsdeveil.fr\/?s={search_term_string}"},"query-input":{"@type":"PropertyValueSpecification","valueRequired":true,"valueName":"search_term_string"}}],"inLanguage":"fr-FR"},{"@type":"Organization","@id":"https:\/\/corpsdeveil.fr\/#organization","name":"WordPress","url":"https:\/\/corpsdeveil.fr\/","logo":{"@type":"ImageObject","inLanguage":"fr-FR","@id":"https:\/\/corpsdeveil.fr\/#\/schema\/logo\/image\/","url":"https:\/\/corpsdeveil.fr\/wp-content\/uploads\/2025\/11\/cropped-Corps-deveil-12.png","contentUrl":"https:\/\/corpsdeveil.fr\/wp-content\/uploads\/2025\/11\/cropped-Corps-deveil-12.png","width":500,"height":165,"caption":"WordPress"},"image":{"@id":"https:\/\/corpsdeveil.fr\/#\/schema\/logo\/image\/"}}]}},"_links":{"self":[{"href":"https:\/\/corpsdeveil.fr\/index.php\/wp-json\/wp\/v2\/pages\/112","targetHints":{"allow":["GET"]}}],"collection":[{"href":"https:\/\/corpsdeveil.fr\/index.php\/wp-json\/wp\/v2\/pages"}],"about":[{"href":"https:\/\/corpsdeveil.fr\/index.php\/wp-json\/wp\/v2\/types\/page"}],"author":[{"embeddable":true,"href":"https:\/\/corpsdeveil.fr\/index.php\/wp-json\/wp\/v2\/users\/1"}],"replies":[{"embeddable":true,"href":"https:\/\/corpsdeveil.fr\/index.php\/wp-json\/wp\/v2\/comments?post=112"}],"version-history":[{"count":85,"href":"https:\/\/corpsdeveil.fr\/index.php\/wp-json\/wp\/v2\/pages\/112\/revisions"}],"predecessor-version":[{"id":1662,"href":"https:\/\/corpsdeveil.fr\/index.php\/wp-json\/wp\/v2\/pages\/112\/revisions\/1662"}],"wp:attachment":[{"href":"https:\/\/corpsdeveil.fr\/index.php\/wp-json\/wp\/v2\/media?parent=112"}],"curies":[{"name":"wp","href":"https:\/\/api.w.org\/{rel}","templated":true}]}}