{"id":110,"date":"2024-12-12T02:56:30","date_gmt":"2024-12-12T01:56:30","guid":{"rendered":"http:\/\/ttqpqmw.cluster027.hosting.ovh.net\/?page_id=110"},"modified":"2026-01-15T22:22:48","modified_gmt":"2026-01-15T21:22:48","slug":"bon-cadeau","status":"publish","type":"page","link":"https:\/\/corpsdeveil.fr\/index.php\/bon-cadeau\/","title":{"rendered":"Bon cadeau"},"content":{"rendered":"\t\t<div data-elementor-type=\"wp-page\" data-elementor-id=\"110\" class=\"elementor elementor-110\">\n\t\t\t\t<div class=\"elementor-element elementor-element-508b52f e-flex e-con-boxed e-con e-parent\" data-id=\"508b52f\" data-element_type=\"container\" data-settings=\"{&quot;background_background&quot;:&quot;classic&quot;}\">\n\t\t\t\t\t<div class=\"e-con-inner\">\n\t\t\t\t<div class=\"elementor-element elementor-element-e1da3cb animated-slow elementor-invisible elementor-widget elementor-widget-heading\" data-id=\"e1da3cb\" data-element_type=\"widget\" data-settings=\"{&quot;_animation&quot;:&quot;fadeIn&quot;}\" data-widget_type=\"heading.default\">\n\t\t\t\t<div class=\"elementor-widget-container\">\n\t\t\t<h2 class=\"elementor-heading-title elementor-size-default\">Vous souhaitez offrir de l'amour avec un cadeau qui a du sens ?<\/h2>\t\t<\/div>\n\t\t\t\t<\/div>\n\t\t\t\t<div class=\"elementor-element elementor-element-c8f49f0 animated-slow elementor-invisible elementor-widget elementor-widget-heading\" data-id=\"c8f49f0\" data-element_type=\"widget\" data-settings=\"{&quot;_animation&quot;:&quot;fadeIn&quot;}\" data-widget_type=\"heading.default\">\n\t\t\t\t<div class=\"elementor-widget-container\">\n\t\t\t<h2 class=\"elementor-heading-title elementor-size-default\">Vous \u00eates au bon endroit !<\/h2>\t\t<\/div>\n\t\t\t\t<\/div>\n\t\t\t\t\t<\/div>\n\t\t\t\t<\/div>\n\t\t<div class=\"elementor-element elementor-element-e3510c9 e-grid e-con-boxed e-con e-parent\" data-id=\"e3510c9\" data-element_type=\"container\" data-settings=\"{&quot;background_background&quot;:&quot;classic&quot;}\">\n\t\t\t\t\t<div class=\"e-con-inner\">\n\t\t\t\t<div class=\"elementor-element elementor-element-f0e72f3 animated-slow elementor-invisible elementor-widget elementor-widget-text-editor\" data-id=\"f0e72f3\" data-element_type=\"widget\" data-settings=\"{&quot;_animation&quot;:&quot;fadeIn&quot;}\" data-widget_type=\"text-editor.default\">\n\t\t\t\t<div class=\"elementor-widget-container\">\n\t\t\t\t\t\t\t<p><span style=\"font-size: 14px;\">Que ce soit pour une grossesse, une gender reveal, un blessing way, une baby shower, une naissance, un bapt\u00eame ou simplement pour le plaisir, vous \u00eates au bon endroit !<\/span><\/p>\n<p><u>Chez Corps d&rsquo;\u00e9veil vous pouvez offrir :<\/u><\/p>\n<p>&#8211;<b>&nbsp;Un Bain d&rsquo;Accueil du Nouveau-N\u00e9* (avec ou sans photographe)<\/b><\/p>\n<p><b>&#8211; Un Massage Pr\u00e9natal&nbsp;<\/b><\/p>\n<p><b>&#8211; Un Massage Post natal avec&nbsp;resserrage de bassin<\/b><\/p>\n<p><b>&#8211; Un Atelier d&rsquo;Initiation Au Massage B\u00e9b\u00e9<\/b><\/p>\n<p>*Concernant les Bains d&rsquo;accueil surtout, la prise de bons cadeaux et de rendez-vous se fait d\u00e9j\u00e0 en <b>fin de grossesse<\/b> pour assurer une disponibilit\u00e9 \u00e0 temps rapidement apr\u00e8s la naissance (soin durant les 3 premi\u00e8res semaines de vie).&nbsp;<\/p>\n<p>Les bons cadeaux peuvent \u00eatre envoy\u00e9s par voie postale ou en format num\u00e9rique ou bien \u00e0 venir chercher sur place au cabinet \u00e0 Beauvallon, sur rdv.<\/p>\n<p>Contactez moi ci dessous pour toute question ou r\u00e9servation,&nbsp;<\/p>\n<p>Merci pour votre confiance<\/p>\t\t\t\t\t\t<\/div>\n\t\t\t\t<\/div>\n\t\t\t\t<div class=\"elementor-element elementor-element-22caa4c elementor-widget__width-inherit animated-slow elementor-invisible elementor-widget elementor-widget-image\" data-id=\"22caa4c\" data-element_type=\"widget\" data-settings=\"{&quot;_animation&quot;:&quot;fadeInRight&quot;}\" data-widget_type=\"image.default\">\n\t\t\t\t<div class=\"elementor-widget-container\">\n\t\t\t\t\t\t\t\t\t\t\t\t\t<img decoding=\"async\" src=\"https:\/\/corpsdeveil.fr\/wp-content\/uploads\/elementor\/thumbs\/IMG_9596-scaled-rhopmpv1rx7fuhml1hyg93ov7zoq6nuh6z2zear0uo.jpg\" title=\"bons cadeaux\" alt=\"bons cadeaux\" loading=\"lazy\" \/>\t\t\t\t\t\t\t\t\t\t\t\t\t<\/div>\n\t\t\t\t<\/div>\n\t\t\t\t\t<\/div>\n\t\t\t\t<\/div>\n\t\t<div class=\"elementor-element elementor-element-11f4684 e-flex e-con-boxed e-con e-parent\" data-id=\"11f4684\" data-element_type=\"container\" data-settings=\"{&quot;background_background&quot;:&quot;classic&quot;}\">\n\t\t\t\t\t<div class=\"e-con-inner\">\n\t\t\t\t<div class=\"elementor-element elementor-element-373c4cb animated-slow elementor-invisible elementor-widget elementor-widget-heading\" data-id=\"373c4cb\" data-element_type=\"widget\" data-settings=\"{&quot;_animation&quot;:&quot;fadeIn&quot;}\" data-widget_type=\"heading.default\">\n\t\t\t\t<div class=\"elementor-widget-container\">\n\t\t\t<h2 class=\"elementor-heading-title elementor-size-default\">Contact et r\u00e9servation :<\/h2>\t\t<\/div>\n\t\t\t\t<\/div>\n\t\t\t\t\t<\/div>\n\t\t\t\t<\/div>\n\t\t<div class=\"elementor-element elementor-element-33f4f90 e-grid e-con-boxed e-con e-parent\" data-id=\"33f4f90\" data-element_type=\"container\" data-settings=\"{&quot;background_background&quot;:&quot;classic&quot;}\">\n\t\t\t\t\t<div class=\"e-con-inner\">\n\t\t\t\t<div class=\"elementor-element elementor-element-a29d316 animated-slow elementor-invisible elementor-widget elementor-widget-heading\" data-id=\"a29d316\" data-element_type=\"widget\" data-settings=\"{&quot;_animation&quot;:&quot;fadeInLeft&quot;}\" data-widget_type=\"heading.default\">\n\t\t\t\t<div class=\"elementor-widget-container\">\n\t\t\t<h2 class=\"elementor-heading-title elementor-size-default\"><br><br><br><br><br><br><br><br><br><br>06.61.38.15.43<br><br><br>corpsdeveil26@gmail.com<\/h2>\t\t<\/div>\n\t\t\t\t<\/div>\n\t\t\t\t<div class=\"elementor-element elementor-element-994e972 animated-slow elementor-invisible elementor-widget elementor-widget-wpforms\" data-id=\"994e972\" data-element_type=\"widget\" data-settings=\"{&quot;_animation&quot;:&quot;fadeInRight&quot;}\" data-widget_type=\"wpforms.default\">\n\t\t\t\t<div class=\"elementor-widget-container\">\n\t\t\t<style id=\"wpforms-css-vars-root\">\n\t\t\t\t:root {\n\t\t\t\t\t--wpforms-field-border-radius: 3px;\n--wpforms-field-border-style: solid;\n--wpforms-field-border-size: 1px;\n--wpforms-field-background-color: #ffffff;\n--wpforms-field-border-color: rgba( 0, 0, 0, 0.25 );\n--wpforms-field-border-color-spare: rgba( 0, 0, 0, 0.25 );\n--wpforms-field-text-color: rgba( 0, 0, 0, 0.7 );\n--wpforms-field-menu-color: #ffffff;\n--wpforms-label-color: rgba( 0, 0, 0, 0.85 );\n--wpforms-label-sublabel-color: rgba( 0, 0, 0, 0.55 );\n--wpforms-label-error-color: #d63637;\n--wpforms-button-border-radius: 3px;\n--wpforms-button-border-style: none;\n--wpforms-button-border-size: 1px;\n--wpforms-button-background-color: #066aab;\n--wpforms-button-border-color: #066aab;\n--wpforms-button-text-color: #ffffff;\n--wpforms-page-break-color: #066aab;\n--wpforms-background-image: none;\n--wpforms-background-position: center center;\n--wpforms-background-repeat: no-repeat;\n--wpforms-background-size: cover;\n--wpforms-background-width: 100px;\n--wpforms-background-height: 100px;\n--wpforms-background-color: rgba( 0, 0, 0, 0 );\n--wpforms-background-url: none;\n--wpforms-container-padding: 0px;\n--wpforms-container-border-style: none;\n--wpforms-container-border-width: 1px;\n--wpforms-container-border-color: #000000;\n--wpforms-container-border-radius: 3px;\n--wpforms-field-size-input-height: 43px;\n--wpforms-field-size-input-spacing: 15px;\n--wpforms-field-size-font-size: 16px;\n--wpforms-field-size-line-height: 19px;\n--wpforms-field-size-padding-h: 14px;\n--wpforms-field-size-checkbox-size: 16px;\n--wpforms-field-size-sublabel-spacing: 5px;\n--wpforms-field-size-icon-size: 1;\n--wpforms-label-size-font-size: 16px;\n--wpforms-label-size-line-height: 19px;\n--wpforms-label-size-sublabel-font-size: 14px;\n--wpforms-label-size-sublabel-line-height: 17px;\n--wpforms-button-size-font-size: 17px;\n--wpforms-button-size-height: 41px;\n--wpforms-button-size-padding-h: 15px;\n--wpforms-button-size-margin-top: 10px;\n--wpforms-container-shadow-size-box-shadow: none;\n\n\t\t\t\t}\n\t\t\t<\/style><style id=\"wpforms-css-vars-elementor-widget-994e972\">\n\t\t\t\t.elementor-widget-wpforms.elementor-element-994e972 {\n\t\t\t\t\t--wpforms-button-background-color: #000000;\n--wpforms-field-size-input-height: 43px;\n--wpforms-field-size-input-spacing: 15px;\n--wpforms-field-size-font-size: 16px;\n--wpforms-field-size-line-height: 19px;\n--wpforms-field-size-padding-h: 14px;\n--wpforms-field-size-checkbox-size: 16px;\n--wpforms-field-size-sublabel-spacing: 5px;\n--wpforms-field-size-icon-size: 1;\n--wpforms-label-size-font-size: 16px;\n--wpforms-label-size-line-height: 19px;\n--wpforms-label-size-sublabel-font-size: 14px;\n--wpforms-label-size-sublabel-line-height: 17px;\n--wpforms-button-size-font-size: 17px;\n--wpforms-button-size-height: 41px;\n--wpforms-button-size-padding-h: 15px;\n--wpforms-button-size-margin-top: 10px;\n\n\t\t\t\t}\n\t\t\t<\/style><div class=\"wpforms-container wpforms-container-full wpforms-render-modern\" id=\"wpforms-305\"><form id=\"wpforms-form-305\" class=\"wpforms-validate wpforms-form wpforms-ajax-form\" data-formid=\"305\" method=\"post\" enctype=\"multipart\/form-data\" action=\"\/index.php\/wp-json\/wp\/v2\/pages\/110\" data-token=\"199206a49cf8f78bf43f7dfcc9cb9c39\" data-token-time=\"1776165244\"><noscript class=\"wpforms-error-noscript\">Veuillez activer JavaScript dans votre navigateur pour remplir ce formulaire.<\/noscript><div class=\"wpforms-hidden\" id=\"wpforms-error-noscript\">Veuillez activer JavaScript dans votre navigateur pour remplir ce formulaire.<\/div><div class=\"wpforms-field-container\"><div id=\"wpforms-305-field_1-container\" class=\"wpforms-field wpforms-field-name\" data-field-id=\"1\"><fieldset><legend class=\"wpforms-field-label\">Nom <span class=\"wpforms-required-label\" aria-hidden=\"true\">*<\/span><\/legend><div class=\"wpforms-field-row wpforms-field-medium\"><div class=\"wpforms-field-row-block wpforms-first wpforms-one-half\"><input type=\"text\" id=\"wpforms-305-field_1\" class=\"wpforms-field-name-first wpforms-field-required\" name=\"wpforms[fields][1][first]\" aria-errormessage=\"wpforms-305-field_1-error\" required><label for=\"wpforms-305-field_1\" class=\"wpforms-field-sublabel after\">Pr\u00e9nom<\/label><\/div><div class=\"wpforms-field-row-block wpforms-one-half\"><input type=\"text\" id=\"wpforms-305-field_1-last\" class=\"wpforms-field-name-last wpforms-field-required\" name=\"wpforms[fields][1][last]\" aria-errormessage=\"wpforms-305-field_1-last-error\" required><label for=\"wpforms-305-field_1-last\" class=\"wpforms-field-sublabel after\">Nom<\/label><\/div><\/div><\/fieldset><\/div><div id=\"wpforms-305-field_2-container\" class=\"wpforms-field wpforms-field-email\" data-field-id=\"2\"><label class=\"wpforms-field-label\" for=\"wpforms-305-field_2\">E-mail <span class=\"wpforms-required-label\" aria-hidden=\"true\">*<\/span><\/label><input type=\"email\" id=\"wpforms-305-field_2\" class=\"wpforms-field-medium wpforms-field-required\" name=\"wpforms[fields][2]\" spellcheck=\"false\" aria-errormessage=\"wpforms-305-field_2-error\" required><\/div><div id=\"wpforms-305-field_3-container\" class=\"wpforms-field wpforms-field-textarea\" data-field-id=\"3\"><label class=\"wpforms-field-label\" for=\"wpforms-305-field_3\">Commentaire ou message<\/label><textarea id=\"wpforms-305-field_3\" class=\"wpforms-field-medium\" name=\"wpforms[fields][3]\" aria-errormessage=\"wpforms-305-field_3-error\" ><\/textarea><\/div><\/div><!-- .wpforms-field-container --><div class=\"wpforms-submit-container\" ><input type=\"hidden\" name=\"wpforms[id]\" value=\"305\"><input type=\"hidden\" name=\"page_title\" value=\"\"><input type=\"hidden\" name=\"page_url\" value=\"https:\/\/corpsdeveil.fr\/index.php\/wp-json\/wp\/v2\/pages\/110\"><button type=\"submit\" name=\"wpforms[submit]\" id=\"wpforms-submit-305\" class=\"wpforms-submit\" data-alt-text=\"Envoi...\" data-submit-text=\"Envoyer\" aria-live=\"assertive\" value=\"wpforms-submit\">Envoyer<\/button><img decoding=\"async\" src=\"https:\/\/corpsdeveil.fr\/wp-content\/plugins\/wpforms-lite\/assets\/images\/submit-spin.svg\" class=\"wpforms-submit-spinner\" style=\"display: none;\" width=\"26\" height=\"26\" alt=\"Chargement en cours\"><\/div><\/form><\/div>  <!-- .wpforms-container -->\t\t<\/div>\n\t\t\t\t<\/div>\n\t\t\t\t\t<\/div>\n\t\t\t\t<\/div>\n\t\t\t\t<\/div>\n\t\t","protected":false},"excerpt":{"rendered":"<p>Vous souhaitez offrir de l&rsquo;amour avec un cadeau qui a du sens ? Vous \u00eates au bon endroit ! Que ce soit pour une grossesse, une gender reveal, un blessing way, une baby shower, une naissance, un bapt\u00eame ou simplement pour le plaisir, vous \u00eates au bon endroit ! Chez Corps d&rsquo;\u00e9veil vous pouvez offrir [&hellip;]<\/p>\n","protected":false},"author":1,"featured_media":0,"parent":0,"menu_order":0,"comment_status":"closed","ping_status":"closed","template":"","meta":{"saved_in_kubio":false,"footnotes":""},"class_list":["post-110","page","type-page","status-publish","hentry","entry"],"kubio_ai_page_context":{"short_desc":"","purpose":"general"},"yoast_head":"<!-- This site is optimized with the Yoast SEO plugin v24.0 - https:\/\/yoast.com\/wordpress\/plugins\/seo\/ -->\n<title>Bon cadeau - WordPress<\/title>\n<meta name=\"robots\" content=\"index, follow, max-snippet:-1, max-image-preview:large, max-video-preview:-1\" \/>\n<link rel=\"canonical\" href=\"https:\/\/corpsdeveil.fr\/index.php\/bon-cadeau\/\" \/>\n<meta property=\"og:locale\" content=\"fr_FR\" \/>\n<meta property=\"og:type\" content=\"article\" \/>\n<meta property=\"og:title\" content=\"Bon cadeau - WordPress\" \/>\n<meta property=\"og:description\" content=\"Vous souhaitez offrir de l&rsquo;amour avec un cadeau qui a du sens ? Vous \u00eates au bon endroit ! Que ce soit pour une grossesse, une gender reveal, un blessing way, une baby shower, une naissance, un bapt\u00eame ou simplement pour le plaisir, vous \u00eates au bon endroit ! Chez Corps d&rsquo;\u00e9veil vous pouvez offrir [&hellip;]\" \/>\n<meta property=\"og:url\" content=\"https:\/\/corpsdeveil.fr\/index.php\/bon-cadeau\/\" \/>\n<meta property=\"og:site_name\" content=\"WordPress\" \/>\n<meta property=\"article:modified_time\" content=\"2026-01-15T21:22:48+00:00\" \/>\n<meta property=\"og:image\" content=\"https:\/\/corpsdeveil.fr\/wp-content\/uploads\/elementor\/thumbs\/IMG_9596-scaled-rhopmpv1rx7fuhml1hyg93ov7zoq6nuh6z2zear0uo.jpg\" \/>\n<meta name=\"twitter:card\" content=\"summary_large_image\" \/>\n<meta name=\"twitter:label1\" content=\"Dur\u00e9e de lecture estim\u00e9e\" \/>\n\t<meta name=\"twitter:data1\" content=\"2 minutes\" \/>\n<script type=\"application\/ld+json\" class=\"yoast-schema-graph\">{\"@context\":\"https:\/\/schema.org\",\"@graph\":[{\"@type\":\"WebPage\",\"@id\":\"https:\/\/corpsdeveil.fr\/index.php\/bon-cadeau\/\",\"url\":\"https:\/\/corpsdeveil.fr\/index.php\/bon-cadeau\/\",\"name\":\"Bon cadeau - WordPress\",\"isPartOf\":{\"@id\":\"https:\/\/corpsdeveil.fr\/#website\"},\"primaryImageOfPage\":{\"@id\":\"https:\/\/corpsdeveil.fr\/index.php\/bon-cadeau\/#primaryimage\"},\"image\":{\"@id\":\"https:\/\/corpsdeveil.fr\/index.php\/bon-cadeau\/#primaryimage\"},\"thumbnailUrl\":\"https:\/\/corpsdeveil.fr\/wp-content\/uploads\/elementor\/thumbs\/IMG_9596-scaled-rhopmpv1rx7fuhml1hyg93ov7zoq6nuh6z2zear0uo.jpg\",\"datePublished\":\"2024-12-12T01:56:30+00:00\",\"dateModified\":\"2026-01-15T21:22:48+00:00\",\"breadcrumb\":{\"@id\":\"https:\/\/corpsdeveil.fr\/index.php\/bon-cadeau\/#breadcrumb\"},\"inLanguage\":\"fr-FR\",\"potentialAction\":[{\"@type\":\"ReadAction\",\"target\":[\"https:\/\/corpsdeveil.fr\/index.php\/bon-cadeau\/\"]}]},{\"@type\":\"ImageObject\",\"inLanguage\":\"fr-FR\",\"@id\":\"https:\/\/corpsdeveil.fr\/index.php\/bon-cadeau\/#primaryimage\",\"url\":\"https:\/\/corpsdeveil.fr\/wp-content\/uploads\/elementor\/thumbs\/IMG_9596-scaled-rhopmpv1rx7fuhml1hyg93ov7zoq6nuh6z2zear0uo.jpg\",\"contentUrl\":\"https:\/\/corpsdeveil.fr\/wp-content\/uploads\/elementor\/thumbs\/IMG_9596-scaled-rhopmpv1rx7fuhml1hyg93ov7zoq6nuh6z2zear0uo.jpg\"},{\"@type\":\"BreadcrumbList\",\"@id\":\"https:\/\/corpsdeveil.fr\/index.php\/bon-cadeau\/#breadcrumb\",\"itemListElement\":[{\"@type\":\"ListItem\",\"position\":1,\"name\":\"Accueil\",\"item\":\"https:\/\/corpsdeveil.fr\/\"},{\"@type\":\"ListItem\",\"position\":2,\"name\":\"Bon cadeau\"}]},{\"@type\":\"WebSite\",\"@id\":\"https:\/\/corpsdeveil.fr\/#website\",\"url\":\"https:\/\/corpsdeveil.fr\/\",\"name\":\"WordPress\",\"description\":\"Un site utilisant WordPress\",\"publisher\":{\"@id\":\"https:\/\/corpsdeveil.fr\/#organization\"},\"potentialAction\":[{\"@type\":\"SearchAction\",\"target\":{\"@type\":\"EntryPoint\",\"urlTemplate\":\"https:\/\/corpsdeveil.fr\/?s={search_term_string}\"},\"query-input\":{\"@type\":\"PropertyValueSpecification\",\"valueRequired\":true,\"valueName\":\"search_term_string\"}}],\"inLanguage\":\"fr-FR\"},{\"@type\":\"Organization\",\"@id\":\"https:\/\/corpsdeveil.fr\/#organization\",\"name\":\"WordPress\",\"url\":\"https:\/\/corpsdeveil.fr\/\",\"logo\":{\"@type\":\"ImageObject\",\"inLanguage\":\"fr-FR\",\"@id\":\"https:\/\/corpsdeveil.fr\/#\/schema\/logo\/image\/\",\"url\":\"https:\/\/corpsdeveil.fr\/wp-content\/uploads\/2025\/11\/cropped-Corps-deveil-12.png\",\"contentUrl\":\"https:\/\/corpsdeveil.fr\/wp-content\/uploads\/2025\/11\/cropped-Corps-deveil-12.png\",\"width\":500,\"height\":165,\"caption\":\"WordPress\"},\"image\":{\"@id\":\"https:\/\/corpsdeveil.fr\/#\/schema\/logo\/image\/\"}}]}<\/script>\n<!-- \/ Yoast SEO plugin. -->","yoast_head_json":{"title":"Bon cadeau - WordPress","robots":{"index":"index","follow":"follow","max-snippet":"max-snippet:-1","max-image-preview":"max-image-preview:large","max-video-preview":"max-video-preview:-1"},"canonical":"https:\/\/corpsdeveil.fr\/index.php\/bon-cadeau\/","og_locale":"fr_FR","og_type":"article","og_title":"Bon cadeau - WordPress","og_description":"Vous souhaitez offrir de l&rsquo;amour avec un cadeau qui a du sens ? Vous \u00eates au bon endroit ! Que ce soit pour une grossesse, une gender reveal, un blessing way, une baby shower, une naissance, un bapt\u00eame ou simplement pour le plaisir, vous \u00eates au bon endroit ! Chez Corps d&rsquo;\u00e9veil vous pouvez offrir [&hellip;]","og_url":"https:\/\/corpsdeveil.fr\/index.php\/bon-cadeau\/","og_site_name":"WordPress","article_modified_time":"2026-01-15T21:22:48+00:00","og_image":[{"url":"https:\/\/corpsdeveil.fr\/wp-content\/uploads\/elementor\/thumbs\/IMG_9596-scaled-rhopmpv1rx7fuhml1hyg93ov7zoq6nuh6z2zear0uo.jpg","type":"","width":"","height":""}],"twitter_card":"summary_large_image","twitter_misc":{"Dur\u00e9e de lecture estim\u00e9e":"2 minutes"},"schema":{"@context":"https:\/\/schema.org","@graph":[{"@type":"WebPage","@id":"https:\/\/corpsdeveil.fr\/index.php\/bon-cadeau\/","url":"https:\/\/corpsdeveil.fr\/index.php\/bon-cadeau\/","name":"Bon cadeau - WordPress","isPartOf":{"@id":"https:\/\/corpsdeveil.fr\/#website"},"primaryImageOfPage":{"@id":"https:\/\/corpsdeveil.fr\/index.php\/bon-cadeau\/#primaryimage"},"image":{"@id":"https:\/\/corpsdeveil.fr\/index.php\/bon-cadeau\/#primaryimage"},"thumbnailUrl":"https:\/\/corpsdeveil.fr\/wp-content\/uploads\/elementor\/thumbs\/IMG_9596-scaled-rhopmpv1rx7fuhml1hyg93ov7zoq6nuh6z2zear0uo.jpg","datePublished":"2024-12-12T01:56:30+00:00","dateModified":"2026-01-15T21:22:48+00:00","breadcrumb":{"@id":"https:\/\/corpsdeveil.fr\/index.php\/bon-cadeau\/#breadcrumb"},"inLanguage":"fr-FR","potentialAction":[{"@type":"ReadAction","target":["https:\/\/corpsdeveil.fr\/index.php\/bon-cadeau\/"]}]},{"@type":"ImageObject","inLanguage":"fr-FR","@id":"https:\/\/corpsdeveil.fr\/index.php\/bon-cadeau\/#primaryimage","url":"https:\/\/corpsdeveil.fr\/wp-content\/uploads\/elementor\/thumbs\/IMG_9596-scaled-rhopmpv1rx7fuhml1hyg93ov7zoq6nuh6z2zear0uo.jpg","contentUrl":"https:\/\/corpsdeveil.fr\/wp-content\/uploads\/elementor\/thumbs\/IMG_9596-scaled-rhopmpv1rx7fuhml1hyg93ov7zoq6nuh6z2zear0uo.jpg"},{"@type":"BreadcrumbList","@id":"https:\/\/corpsdeveil.fr\/index.php\/bon-cadeau\/#breadcrumb","itemListElement":[{"@type":"ListItem","position":1,"name":"Accueil","item":"https:\/\/corpsdeveil.fr\/"},{"@type":"ListItem","position":2,"name":"Bon cadeau"}]},{"@type":"WebSite","@id":"https:\/\/corpsdeveil.fr\/#website","url":"https:\/\/corpsdeveil.fr\/","name":"WordPress","description":"Un site utilisant WordPress","publisher":{"@id":"https:\/\/corpsdeveil.fr\/#organization"},"potentialAction":[{"@type":"SearchAction","target":{"@type":"EntryPoint","urlTemplate":"https:\/\/corpsdeveil.fr\/?s={search_term_string}"},"query-input":{"@type":"PropertyValueSpecification","valueRequired":true,"valueName":"search_term_string"}}],"inLanguage":"fr-FR"},{"@type":"Organization","@id":"https:\/\/corpsdeveil.fr\/#organization","name":"WordPress","url":"https:\/\/corpsdeveil.fr\/","logo":{"@type":"ImageObject","inLanguage":"fr-FR","@id":"https:\/\/corpsdeveil.fr\/#\/schema\/logo\/image\/","url":"https:\/\/corpsdeveil.fr\/wp-content\/uploads\/2025\/11\/cropped-Corps-deveil-12.png","contentUrl":"https:\/\/corpsdeveil.fr\/wp-content\/uploads\/2025\/11\/cropped-Corps-deveil-12.png","width":500,"height":165,"caption":"WordPress"},"image":{"@id":"https:\/\/corpsdeveil.fr\/#\/schema\/logo\/image\/"}}]}},"_links":{"self":[{"href":"https:\/\/corpsdeveil.fr\/index.php\/wp-json\/wp\/v2\/pages\/110","targetHints":{"allow":["GET"]}}],"collection":[{"href":"https:\/\/corpsdeveil.fr\/index.php\/wp-json\/wp\/v2\/pages"}],"about":[{"href":"https:\/\/corpsdeveil.fr\/index.php\/wp-json\/wp\/v2\/types\/page"}],"author":[{"embeddable":true,"href":"https:\/\/corpsdeveil.fr\/index.php\/wp-json\/wp\/v2\/users\/1"}],"replies":[{"embeddable":true,"href":"https:\/\/corpsdeveil.fr\/index.php\/wp-json\/wp\/v2\/comments?post=110"}],"version-history":[{"count":124,"href":"https:\/\/corpsdeveil.fr\/index.php\/wp-json\/wp\/v2\/pages\/110\/revisions"}],"predecessor-version":[{"id":1801,"href":"https:\/\/corpsdeveil.fr\/index.php\/wp-json\/wp\/v2\/pages\/110\/revisions\/1801"}],"wp:attachment":[{"href":"https:\/\/corpsdeveil.fr\/index.php\/wp-json\/wp\/v2\/media?parent=110"}],"curies":[{"name":"wp","href":"https:\/\/api.w.org\/{rel}","templated":true}]}}