{"id":105,"date":"2024-12-12T02:55:21","date_gmt":"2024-12-12T01:55:21","guid":{"rendered":"http:\/\/ttqpqmw.cluster027.hosting.ovh.net\/?page_id=105"},"modified":"2026-01-15T22:27:48","modified_gmt":"2026-01-15T21:27:48","slug":"mentions-legales","status":"publish","type":"page","link":"https:\/\/corpsdeveil.fr\/index.php\/mentions-legales\/","title":{"rendered":"Mentions l\u00e9gales"},"content":{"rendered":"\t\t<div data-elementor-type=\"wp-page\" data-elementor-id=\"105\" class=\"elementor elementor-105\">\n\t\t\t\t<div class=\"elementor-element elementor-element-fb8ab89 e-flex e-con-boxed e-con e-parent\" data-id=\"fb8ab89\" data-element_type=\"container\">\n\t\t\t\t\t<div class=\"e-con-inner\">\n\t\t\t\t<div class=\"elementor-element elementor-element-7dc1a4b elementor-widget elementor-widget-heading\" data-id=\"7dc1a4b\" data-element_type=\"widget\" data-widget_type=\"heading.default\">\n\t\t\t\t<div class=\"elementor-widget-container\">\n\t\t\t<h2 class=\"elementor-heading-title elementor-size-default\">Mentions l\u00e9gales :<\/h2>\t\t<\/div>\n\t\t\t\t<\/div>\n\t\t\t\t\t<\/div>\n\t\t\t\t<\/div>\n\t\t<div class=\"elementor-element elementor-element-984cfd0 e-flex e-con-boxed e-con e-parent\" data-id=\"984cfd0\" data-element_type=\"container\">\n\t\t\t\t\t<div class=\"e-con-inner\">\n\t\t\t\t<div class=\"elementor-element elementor-element-f8c81b4 elementor-widget elementor-widget-text-editor\" data-id=\"f8c81b4\" data-element_type=\"widget\" data-widget_type=\"text-editor.default\">\n\t\t\t\t<div class=\"elementor-widget-container\">\n\t\t\t\t\t\t\t<p><b><i>En vigueur au 15\/01\/2026<br><\/i><\/b><br><\/p>\n<p>Conform\u00e9ment aux dispositions de la loi n\u00b02004-575 du 21 juin 2004 pour la confiance en l\u2019\u00e9conomie num\u00e9rique, il est port\u00e9 \u00e0 la connaissance des utilisateurs les pr\u00e9sentes mentions l\u00e9gales. La connexion et la navigation sur le site Corps d&rsquo;\u00e9veil implique l&rsquo;acceptation int\u00e9grale et sans r\u00e9serve des pr\u00e9sentes mentions l\u00e9gales.<\/p>\n<p><br><b>Edition du site :<\/b><br>L&rsquo;\u00e9dition du site est assur\u00e9e par Corps d&rsquo;\u00e9veil, micro entreprise&nbsp;immatricul\u00e9e au Registre du Commerce et des Soci\u00e9t\u00e9s sous le num\u00e9ro 917450306 dont le si\u00e8ge social est situ\u00e9 au 9, all\u00e9e du domaine saint Antoine 26250 Livron-sur-dr\u00f4me.<br><br><\/p>\n<p>Num\u00e9ro de t\u00e9l\u00e9phone : 06.61.38.15.43<br>Adresse e-mail : corpsdeveil26@gmail.com<br>Directeur de la publication : Manon PEYRET<\/p>\n<p><br><\/p>\n<p><b>H\u00e9bergeur :<\/b><br>L&rsquo;h\u00e9bergeur du Site est la soci\u00e9t\u00e9 OVH, dont le si\u00e8ge social est situ\u00e9 au 2, rue Kellermann 59100 Roubaix.<\/p>\n<p><br><b>Acc\u00e8s au site :<\/b><br>L\u00a0\u00bb\u00e9diteur pourra, \u00e0 tout moment, suspendre, limiter ou interrompre le site afin de proc\u00e9der \u00e0 des mises \u00e0 jour ou des modifications de son contenu. L&rsquo;\u00e9diteur ne pourra en aucun cas \u00eatre tenu responsable des cons\u00e9quences \u00e9ventuelles de cette indisponibilit\u00e9 sur les activit\u00e9s de l&rsquo;utilisateur.<br><\/p>\n<p>Toute utilisation, reproduction, diffusion, commercialisation, modification de toute ou partie du site, sans autorisation expresse de l\u2019\u00e9diteur est prohib\u00e9e et pourra entra\u00eener des actions et poursuites judiciaires telles que pr\u00e9vues par la r\u00e8glementation en vigueur.<br><\/p>\n<p><br><\/p>\n<p><b>Photographies<\/b> :<\/p>\n<p>L&rsquo;ensemble des photographies pr\u00e9sentes sur le site sont le travail de Audrey Mascotto, photographe dans le Var, Nina Parisi, photographe dans la Dr\u00f4me et Manon Peyret, fondatrice de Corps d&rsquo;\u00e9veil. Elles appartiennent et sont exclusivement r\u00e9serv\u00e9es \u00e0 nos usages. Elles sont, ainsi que l&rsquo;ensemble des informations sur ce site internet propri\u00e9t\u00e9s priv\u00e9es.<\/p>\t\t\t\t\t\t<\/div>\n\t\t\t\t<\/div>\n\t\t\t\t\t<\/div>\n\t\t\t\t<\/div>\n\t\t\t\t<\/div>\n\t\t","protected":false},"excerpt":{"rendered":"<p>Mentions l\u00e9gales : En vigueur au 15\/01\/2026 Conform\u00e9ment aux dispositions de la loi n\u00b02004-575 du 21 juin 2004 pour la confiance en l\u2019\u00e9conomie num\u00e9rique, il est port\u00e9 \u00e0 la connaissance des utilisateurs les pr\u00e9sentes mentions l\u00e9gales. La connexion et la navigation sur le site Corps d&rsquo;\u00e9veil implique l&rsquo;acceptation int\u00e9grale et sans r\u00e9serve des pr\u00e9sentes mentions [&hellip;]<\/p>\n","protected":false},"author":1,"featured_media":0,"parent":0,"menu_order":0,"comment_status":"closed","ping_status":"closed","template":"","meta":{"saved_in_kubio":false,"footnotes":""},"class_list":["post-105","page","type-page","status-publish","hentry","entry"],"kubio_ai_page_context":{"short_desc":"","purpose":"general"},"yoast_head":"<!-- This site is optimized with the Yoast SEO plugin v24.0 - https:\/\/yoast.com\/wordpress\/plugins\/seo\/ -->\n<title>Mentions l\u00e9gales - WordPress<\/title>\n<meta name=\"robots\" content=\"index, follow, max-snippet:-1, max-image-preview:large, max-video-preview:-1\" \/>\n<link rel=\"canonical\" href=\"https:\/\/corpsdeveil.fr\/index.php\/mentions-legales\/\" \/>\n<meta property=\"og:locale\" content=\"fr_FR\" \/>\n<meta property=\"og:type\" content=\"article\" \/>\n<meta property=\"og:title\" content=\"Mentions l\u00e9gales - WordPress\" \/>\n<meta property=\"og:description\" content=\"Mentions l\u00e9gales : En vigueur au 15\/01\/2026 Conform\u00e9ment aux dispositions de la loi n\u00b02004-575 du 21 juin 2004 pour la confiance en l\u2019\u00e9conomie num\u00e9rique, il est port\u00e9 \u00e0 la connaissance des utilisateurs les pr\u00e9sentes mentions l\u00e9gales. La connexion et la navigation sur le site Corps d&rsquo;\u00e9veil implique l&rsquo;acceptation int\u00e9grale et sans r\u00e9serve des pr\u00e9sentes mentions [&hellip;]\" \/>\n<meta property=\"og:url\" content=\"https:\/\/corpsdeveil.fr\/index.php\/mentions-legales\/\" \/>\n<meta property=\"og:site_name\" content=\"WordPress\" \/>\n<meta property=\"article:modified_time\" content=\"2026-01-15T21:27:48+00:00\" \/>\n<meta name=\"twitter:card\" content=\"summary_large_image\" \/>\n<meta name=\"twitter:label1\" content=\"Dur\u00e9e de lecture estim\u00e9e\" \/>\n\t<meta name=\"twitter:data1\" content=\"2 minutes\" \/>\n<script type=\"application\/ld+json\" class=\"yoast-schema-graph\">{\"@context\":\"https:\/\/schema.org\",\"@graph\":[{\"@type\":\"WebPage\",\"@id\":\"https:\/\/corpsdeveil.fr\/index.php\/mentions-legales\/\",\"url\":\"https:\/\/corpsdeveil.fr\/index.php\/mentions-legales\/\",\"name\":\"Mentions l\u00e9gales - WordPress\",\"isPartOf\":{\"@id\":\"https:\/\/corpsdeveil.fr\/#website\"},\"datePublished\":\"2024-12-12T01:55:21+00:00\",\"dateModified\":\"2026-01-15T21:27:48+00:00\",\"breadcrumb\":{\"@id\":\"https:\/\/corpsdeveil.fr\/index.php\/mentions-legales\/#breadcrumb\"},\"inLanguage\":\"fr-FR\",\"potentialAction\":[{\"@type\":\"ReadAction\",\"target\":[\"https:\/\/corpsdeveil.fr\/index.php\/mentions-legales\/\"]}]},{\"@type\":\"BreadcrumbList\",\"@id\":\"https:\/\/corpsdeveil.fr\/index.php\/mentions-legales\/#breadcrumb\",\"itemListElement\":[{\"@type\":\"ListItem\",\"position\":1,\"name\":\"Accueil\",\"item\":\"https:\/\/corpsdeveil.fr\/\"},{\"@type\":\"ListItem\",\"position\":2,\"name\":\"Mentions l\u00e9gales\"}]},{\"@type\":\"WebSite\",\"@id\":\"https:\/\/corpsdeveil.fr\/#website\",\"url\":\"https:\/\/corpsdeveil.fr\/\",\"name\":\"WordPress\",\"description\":\"Un site utilisant WordPress\",\"publisher\":{\"@id\":\"https:\/\/corpsdeveil.fr\/#organization\"},\"potentialAction\":[{\"@type\":\"SearchAction\",\"target\":{\"@type\":\"EntryPoint\",\"urlTemplate\":\"https:\/\/corpsdeveil.fr\/?s={search_term_string}\"},\"query-input\":{\"@type\":\"PropertyValueSpecification\",\"valueRequired\":true,\"valueName\":\"search_term_string\"}}],\"inLanguage\":\"fr-FR\"},{\"@type\":\"Organization\",\"@id\":\"https:\/\/corpsdeveil.fr\/#organization\",\"name\":\"WordPress\",\"url\":\"https:\/\/corpsdeveil.fr\/\",\"logo\":{\"@type\":\"ImageObject\",\"inLanguage\":\"fr-FR\",\"@id\":\"https:\/\/corpsdeveil.fr\/#\/schema\/logo\/image\/\",\"url\":\"https:\/\/corpsdeveil.fr\/wp-content\/uploads\/2025\/11\/cropped-Corps-deveil-12.png\",\"contentUrl\":\"https:\/\/corpsdeveil.fr\/wp-content\/uploads\/2025\/11\/cropped-Corps-deveil-12.png\",\"width\":500,\"height\":165,\"caption\":\"WordPress\"},\"image\":{\"@id\":\"https:\/\/corpsdeveil.fr\/#\/schema\/logo\/image\/\"}}]}<\/script>\n<!-- \/ Yoast SEO plugin. -->","yoast_head_json":{"title":"Mentions l\u00e9gales - WordPress","robots":{"index":"index","follow":"follow","max-snippet":"max-snippet:-1","max-image-preview":"max-image-preview:large","max-video-preview":"max-video-preview:-1"},"canonical":"https:\/\/corpsdeveil.fr\/index.php\/mentions-legales\/","og_locale":"fr_FR","og_type":"article","og_title":"Mentions l\u00e9gales - WordPress","og_description":"Mentions l\u00e9gales : En vigueur au 15\/01\/2026 Conform\u00e9ment aux dispositions de la loi n\u00b02004-575 du 21 juin 2004 pour la confiance en l\u2019\u00e9conomie num\u00e9rique, il est port\u00e9 \u00e0 la connaissance des utilisateurs les pr\u00e9sentes mentions l\u00e9gales. La connexion et la navigation sur le site Corps d&rsquo;\u00e9veil implique l&rsquo;acceptation int\u00e9grale et sans r\u00e9serve des pr\u00e9sentes mentions [&hellip;]","og_url":"https:\/\/corpsdeveil.fr\/index.php\/mentions-legales\/","og_site_name":"WordPress","article_modified_time":"2026-01-15T21:27:48+00:00","twitter_card":"summary_large_image","twitter_misc":{"Dur\u00e9e de lecture estim\u00e9e":"2 minutes"},"schema":{"@context":"https:\/\/schema.org","@graph":[{"@type":"WebPage","@id":"https:\/\/corpsdeveil.fr\/index.php\/mentions-legales\/","url":"https:\/\/corpsdeveil.fr\/index.php\/mentions-legales\/","name":"Mentions l\u00e9gales - WordPress","isPartOf":{"@id":"https:\/\/corpsdeveil.fr\/#website"},"datePublished":"2024-12-12T01:55:21+00:00","dateModified":"2026-01-15T21:27:48+00:00","breadcrumb":{"@id":"https:\/\/corpsdeveil.fr\/index.php\/mentions-legales\/#breadcrumb"},"inLanguage":"fr-FR","potentialAction":[{"@type":"ReadAction","target":["https:\/\/corpsdeveil.fr\/index.php\/mentions-legales\/"]}]},{"@type":"BreadcrumbList","@id":"https:\/\/corpsdeveil.fr\/index.php\/mentions-legales\/#breadcrumb","itemListElement":[{"@type":"ListItem","position":1,"name":"Accueil","item":"https:\/\/corpsdeveil.fr\/"},{"@type":"ListItem","position":2,"name":"Mentions l\u00e9gales"}]},{"@type":"WebSite","@id":"https:\/\/corpsdeveil.fr\/#website","url":"https:\/\/corpsdeveil.fr\/","name":"WordPress","description":"Un site utilisant WordPress","publisher":{"@id":"https:\/\/corpsdeveil.fr\/#organization"},"potentialAction":[{"@type":"SearchAction","target":{"@type":"EntryPoint","urlTemplate":"https:\/\/corpsdeveil.fr\/?s={search_term_string}"},"query-input":{"@type":"PropertyValueSpecification","valueRequired":true,"valueName":"search_term_string"}}],"inLanguage":"fr-FR"},{"@type":"Organization","@id":"https:\/\/corpsdeveil.fr\/#organization","name":"WordPress","url":"https:\/\/corpsdeveil.fr\/","logo":{"@type":"ImageObject","inLanguage":"fr-FR","@id":"https:\/\/corpsdeveil.fr\/#\/schema\/logo\/image\/","url":"https:\/\/corpsdeveil.fr\/wp-content\/uploads\/2025\/11\/cropped-Corps-deveil-12.png","contentUrl":"https:\/\/corpsdeveil.fr\/wp-content\/uploads\/2025\/11\/cropped-Corps-deveil-12.png","width":500,"height":165,"caption":"WordPress"},"image":{"@id":"https:\/\/corpsdeveil.fr\/#\/schema\/logo\/image\/"}}]}},"_links":{"self":[{"href":"https:\/\/corpsdeveil.fr\/index.php\/wp-json\/wp\/v2\/pages\/105","targetHints":{"allow":["GET"]}}],"collection":[{"href":"https:\/\/corpsdeveil.fr\/index.php\/wp-json\/wp\/v2\/pages"}],"about":[{"href":"https:\/\/corpsdeveil.fr\/index.php\/wp-json\/wp\/v2\/types\/page"}],"author":[{"embeddable":true,"href":"https:\/\/corpsdeveil.fr\/index.php\/wp-json\/wp\/v2\/users\/1"}],"replies":[{"embeddable":true,"href":"https:\/\/corpsdeveil.fr\/index.php\/wp-json\/wp\/v2\/comments?post=105"}],"version-history":[{"count":49,"href":"https:\/\/corpsdeveil.fr\/index.php\/wp-json\/wp\/v2\/pages\/105\/revisions"}],"predecessor-version":[{"id":1816,"href":"https:\/\/corpsdeveil.fr\/index.php\/wp-json\/wp\/v2\/pages\/105\/revisions\/1816"}],"wp:attachment":[{"href":"https:\/\/corpsdeveil.fr\/index.php\/wp-json\/wp\/v2\/media?parent=105"}],"curies":[{"name":"wp","href":"https:\/\/api.w.org\/{rel}","templated":true}]}}